{"id":524,"date":"2021-10-28T16:22:14","date_gmt":"2021-10-28T19:22:14","guid":{"rendered":"https:\/\/purple-cobra-943113.hostingersite.com\/?page_id=524"},"modified":"2023-09-25T09:12:44","modified_gmt":"2023-09-25T12:12:44","slug":"planificacion-quirurgica","status":"publish","type":"page","link":"https:\/\/pantho.com.ar\/en\/planificacion-quirurgica\/","title":{"rendered":"SURGICAL PLANNING"},"content":{"rendered":"<div data-elementor-type=\"wp-page\" data-elementor-id=\"524\" class=\"elementor elementor-524\">\n\t\t\t\t\t\t<section class=\"elementor-section elementor-top-section elementor-element elementor-element-48eec7a elementor-section-full_width elementor-section-stretched elementor-section-height-default elementor-section-height-default\" data-id=\"48eec7a\" data-element_type=\"section\" data-settings=\"{&quot;stretch_section&quot;:&quot;section-stretched&quot;}\">\n\t\t\t\t\t\t<div class=\"elementor-container elementor-column-gap-no\">\n\t\t\t\t\t<div class=\"elementor-column elementor-col-100 elementor-top-column elementor-element elementor-element-936349f\" data-id=\"936349f\" data-element_type=\"column\">\n\t\t\t<div class=\"elementor-widget-wrap elementor-element-populated\">\n\t\t\t\t\t\t<div class=\"elementor-element elementor-element-a99ce2e elementor-widget elementor-widget-image\" data-id=\"a99ce2e\" data-element_type=\"widget\" data-widget_type=\"image.default\">\n\t\t\t\t<div class=\"elementor-widget-container\">\n\t\t\t\t\t\t\t\t\t\t\t\t<figure class=\"wp-caption\">\n\t\t\t\t\t\t\t\t\t\t<img fetchpriority=\"high\" decoding=\"async\" width=\"1920\" height=\"903\" src=\"https:\/\/pantho.com.ar\/wp-content\/uploads\/2021\/11\/Portada-planificacion.png\" class=\"attachment-full size-full wp-image-765\" alt=\"\" srcset=\"https:\/\/pantho.com.ar\/wp-content\/uploads\/2021\/11\/Portada-planificacion.png 1920w, https:\/\/pantho.com.ar\/wp-content\/uploads\/2021\/11\/Portada-planificacion-300x141.png 300w, https:\/\/pantho.com.ar\/wp-content\/uploads\/2021\/11\/Portada-planificacion-1024x482.png 1024w, https:\/\/pantho.com.ar\/wp-content\/uploads\/2021\/11\/Portada-planificacion-768x361.png 768w, https:\/\/pantho.com.ar\/wp-content\/uploads\/2021\/11\/Portada-planificacion-1536x722.png 1536w, https:\/\/pantho.com.ar\/wp-content\/uploads\/2021\/11\/Portada-planificacion-18x8.png 18w\" sizes=\"(max-width: 1920px) 100vw, 1920px\" \/>\t\t\t\t\t\t\t\t\t\t\t<figcaption class=\"widget-image-caption wp-caption-text\"><\/figcaption>\n\t\t\t\t\t\t\t\t\t\t<\/figure>\n\t\t\t\t\t\t\t\t\t<\/div>\n\t\t\t\t<\/div>\n\t\t\t\t\t<\/div>\n\t\t<\/div>\n\t\t\t\t\t<\/div>\n\t\t<\/section>\n\t\t\t\t<section class=\"elementor-section elementor-top-section elementor-element elementor-element-1d48ff6 elementor-section-boxed elementor-section-height-default elementor-section-height-default\" data-id=\"1d48ff6\" data-element_type=\"section\">\n\t\t\t\t\t\t<div class=\"elementor-container elementor-column-gap-default\">\n\t\t\t\t\t<div class=\"elementor-column elementor-col-100 elementor-top-column elementor-element elementor-element-adea606\" data-id=\"adea606\" data-element_type=\"column\" data-settings=\"{&quot;background_background&quot;:&quot;classic&quot;}\">\n\t\t\t<div class=\"elementor-widget-wrap elementor-element-populated\">\n\t\t\t\t\t\t<section class=\"elementor-section elementor-inner-section elementor-element elementor-element-e77c64a elementor-section-boxed elementor-section-height-default elementor-section-height-default\" data-id=\"e77c64a\" data-element_type=\"section\">\n\t\t\t\t\t\t<div class=\"elementor-container elementor-column-gap-default\">\n\t\t\t\t\t<div class=\"elementor-column elementor-col-50 elementor-inner-column elementor-element elementor-element-98eae5a\" data-id=\"98eae5a\" data-element_type=\"column\">\n\t\t\t<div class=\"elementor-widget-wrap elementor-element-populated\">\n\t\t\t\t\t\t<div class=\"elementor-element elementor-element-2f0c418 elementor-widget elementor-widget-image\" data-id=\"2f0c418\" data-element_type=\"widget\" data-widget_type=\"image.default\">\n\t\t\t\t<div class=\"elementor-widget-container\">\n\t\t\t\t\t\t\t\t\t\t\t\t\t\t\t<img decoding=\"async\" width=\"1024\" height=\"842\" src=\"https:\/\/pantho.com.ar\/wp-content\/uploads\/2021\/11\/3-1024x842.png\" class=\"attachment-large size-large wp-image-705\" alt=\"\" srcset=\"https:\/\/pantho.com.ar\/wp-content\/uploads\/2021\/11\/3-1024x842.png 1024w, https:\/\/pantho.com.ar\/wp-content\/uploads\/2021\/11\/3-300x247.png 300w, https:\/\/pantho.com.ar\/wp-content\/uploads\/2021\/11\/3-768x632.png 768w, https:\/\/pantho.com.ar\/wp-content\/uploads\/2021\/11\/3-15x12.png 15w, https:\/\/pantho.com.ar\/wp-content\/uploads\/2021\/11\/3.png 1216w\" sizes=\"(max-width: 1024px) 100vw, 1024px\" \/>\t\t\t\t\t\t\t\t\t\t\t\t\t\t\t<\/div>\n\t\t\t\t<\/div>\n\t\t\t\t\t<\/div>\n\t\t<\/div>\n\t\t\t\t<div class=\"elementor-column elementor-col-50 elementor-inner-column elementor-element elementor-element-740efc1\" data-id=\"740efc1\" data-element_type=\"column\">\n\t\t\t<div class=\"elementor-widget-wrap elementor-element-populated\">\n\t\t\t\t\t\t<div class=\"elementor-element elementor-element-c9a2dc5 elementor-widget elementor-widget-heading\" data-id=\"c9a2dc5\" data-element_type=\"widget\" data-widget_type=\"heading.default\">\n\t\t\t\t<div class=\"elementor-widget-container\">\n\t\t\t\t\t<h2 class=\"elementor-heading-title elementor-size-default\">Bone rectifications<\/h2>\t\t\t\t<\/div>\n\t\t\t\t<\/div>\n\t\t\t\t<div class=\"elementor-element elementor-element-562cb21 elementor-widget elementor-widget-text-editor\" data-id=\"562cb21\" data-element_type=\"widget\" data-widget_type=\"text-editor.default\">\n\t\t\t\t<div class=\"elementor-widget-container\">\n\t\t\t\t\t\t\t\t\t<p>We work altogether with the doctor to plan the osteotomies and the repositioning of bone fragments, in order to restore symmetry to the patient, respecting the anatomical axes and improving their quality of life. In the same way, we facilitate the surgical technique to the professional, to avoid unforeseen events and reducing surgery time.<\/p>\t\t\t\t\t\t\t\t<\/div>\n\t\t\t\t<\/div>\n\t\t\t\t\t<\/div>\n\t\t<\/div>\n\t\t\t\t\t<\/div>\n\t\t<\/section>\n\t\t\t\t\t<\/div>\n\t\t<\/div>\n\t\t\t\t\t<\/div>\n\t\t<\/section>\n\t\t\t\t<section class=\"elementor-section elementor-top-section elementor-element elementor-element-26994be elementor-section-boxed elementor-section-height-default elementor-section-height-default\" data-id=\"26994be\" data-element_type=\"section\">\n\t\t\t\t\t\t<div class=\"elementor-container elementor-column-gap-default\">\n\t\t\t\t\t<div class=\"elementor-column elementor-col-100 elementor-top-column elementor-element elementor-element-22de51b\" data-id=\"22de51b\" data-element_type=\"column\" data-settings=\"{&quot;background_background&quot;:&quot;classic&quot;}\">\n\t\t\t<div class=\"elementor-widget-wrap elementor-element-populated\">\n\t\t\t\t\t\t<div class=\"elementor-element elementor-element-56dbcd6 elementor-widget-divider--view-line elementor-widget elementor-widget-divider\" data-id=\"56dbcd6\" data-element_type=\"widget\" data-widget_type=\"divider.default\">\n\t\t\t\t<div class=\"elementor-widget-container\">\n\t\t\t\t\t\t\t<div class=\"elementor-divider\">\n\t\t\t<span class=\"elementor-divider-separator\">\n\t\t\t\t\t\t<\/span>\n\t\t<\/div>\n\t\t\t\t\t\t<\/div>\n\t\t\t\t<\/div>\n\t\t\t\t<section class=\"elementor-section elementor-inner-section elementor-element elementor-element-863a113 elementor-section-boxed elementor-section-height-default elementor-section-height-default\" data-id=\"863a113\" data-element_type=\"section\">\n\t\t\t\t\t\t<div class=\"elementor-container elementor-column-gap-default\">\n\t\t\t\t\t<div class=\"elementor-column elementor-col-50 elementor-inner-column elementor-element elementor-element-b7776b4\" data-id=\"b7776b4\" data-element_type=\"column\">\n\t\t\t<div class=\"elementor-widget-wrap elementor-element-populated\">\n\t\t\t\t\t\t<div class=\"elementor-element elementor-element-d7a6599 elementor-widget elementor-widget-heading\" data-id=\"d7a6599\" data-element_type=\"widget\" data-widget_type=\"heading.default\">\n\t\t\t\t<div class=\"elementor-widget-container\">\n\t\t\t\t\t<h2 class=\"elementor-heading-title elementor-size-default\">Fibula free flap mandible reconstruction<\/h2>\t\t\t\t<\/div>\n\t\t\t\t<\/div>\n\t\t\t\t<div class=\"elementor-element elementor-element-f28efb2 elementor-widget elementor-widget-text-editor\" data-id=\"f28efb2\" data-element_type=\"widget\" data-widget_type=\"text-editor.default\">\n\t\t\t\t<div class=\"elementor-widget-container\">\n\t\t\t\t\t\t\t\t\t<p>Based on the CT, we plan the resection of the fibula and the fixation of the fragments to maintain or restore the anatomical symmetry of the mandible, ensuring the correct occlusion and a functioning TMJ.<br \/>In these cases, surgical guides of osteotomy, occlusion and positioning of the fibula fragments, designed specifically for each patient, are provided.<\/p>\t\t\t\t\t\t\t\t<\/div>\n\t\t\t\t<\/div>\n\t\t\t\t\t<\/div>\n\t\t<\/div>\n\t\t\t\t<div class=\"elementor-column elementor-col-50 elementor-inner-column elementor-element elementor-element-8b30a17\" data-id=\"8b30a17\" data-element_type=\"column\">\n\t\t\t<div class=\"elementor-widget-wrap elementor-element-populated\">\n\t\t\t\t\t\t<div class=\"elementor-element elementor-element-ef465ba elementor-widget elementor-widget-image\" data-id=\"ef465ba\" data-element_type=\"widget\" data-widget_type=\"image.default\">\n\t\t\t\t<div class=\"elementor-widget-container\">\n\t\t\t\t\t\t\t\t\t\t\t\t\t\t\t<img decoding=\"async\" width=\"1024\" height=\"842\" src=\"https:\/\/pantho.com.ar\/wp-content\/uploads\/2021\/11\/Sin-titulo-2-1024x842.png\" class=\"attachment-large size-large wp-image-709\" alt=\"\" srcset=\"https:\/\/pantho.com.ar\/wp-content\/uploads\/2021\/11\/Sin-titulo-2-1024x842.png 1024w, https:\/\/pantho.com.ar\/wp-content\/uploads\/2021\/11\/Sin-titulo-2-300x247.png 300w, https:\/\/pantho.com.ar\/wp-content\/uploads\/2021\/11\/Sin-titulo-2-768x632.png 768w, https:\/\/pantho.com.ar\/wp-content\/uploads\/2021\/11\/Sin-titulo-2-15x12.png 15w, https:\/\/pantho.com.ar\/wp-content\/uploads\/2021\/11\/Sin-titulo-2.png 1216w\" sizes=\"(max-width: 1024px) 100vw, 1024px\" \/>\t\t\t\t\t\t\t\t\t\t\t\t\t\t\t<\/div>\n\t\t\t\t<\/div>\n\t\t\t\t\t<\/div>\n\t\t<\/div>\n\t\t\t\t\t<\/div>\n\t\t<\/section>\n\t\t\t\t\t<\/div>\n\t\t<\/div>\n\t\t\t\t\t<\/div>\n\t\t<\/section>\n\t\t\t\t<section class=\"elementor-section elementor-top-section elementor-element elementor-element-fb9a8ce elementor-section-boxed elementor-section-height-default elementor-section-height-default\" data-id=\"fb9a8ce\" data-element_type=\"section\">\n\t\t\t\t\t\t<div class=\"elementor-container elementor-column-gap-default\">\n\t\t\t\t\t<div class=\"elementor-column elementor-col-100 elementor-top-column elementor-element elementor-element-cd8fbd3\" data-id=\"cd8fbd3\" data-element_type=\"column\" data-settings=\"{&quot;background_background&quot;:&quot;classic&quot;}\">\n\t\t\t<div class=\"elementor-widget-wrap elementor-element-populated\">\n\t\t\t\t\t\t<div class=\"elementor-element elementor-element-a33a765 elementor-widget-divider--view-line elementor-widget elementor-widget-divider\" data-id=\"a33a765\" data-element_type=\"widget\" data-widget_type=\"divider.default\">\n\t\t\t\t<div class=\"elementor-widget-container\">\n\t\t\t\t\t\t\t<div class=\"elementor-divider\">\n\t\t\t<span class=\"elementor-divider-separator\">\n\t\t\t\t\t\t<\/span>\n\t\t<\/div>\n\t\t\t\t\t\t<\/div>\n\t\t\t\t<\/div>\n\t\t\t\t<section class=\"elementor-section elementor-inner-section elementor-element elementor-element-04d0c06 elementor-section-boxed elementor-section-height-default elementor-section-height-default\" data-id=\"04d0c06\" data-element_type=\"section\">\n\t\t\t\t\t\t<div class=\"elementor-container elementor-column-gap-default\">\n\t\t\t\t\t<div class=\"elementor-column elementor-col-50 elementor-inner-column elementor-element elementor-element-7974a16\" data-id=\"7974a16\" data-element_type=\"column\">\n\t\t\t<div class=\"elementor-widget-wrap elementor-element-populated\">\n\t\t\t\t\t\t<div class=\"elementor-element elementor-element-a29682d elementor-widget elementor-widget-image\" data-id=\"a29682d\" data-element_type=\"widget\" data-widget_type=\"image.default\">\n\t\t\t\t<div class=\"elementor-widget-container\">\n\t\t\t\t\t\t\t\t\t\t\t\t\t\t\t<img loading=\"lazy\" decoding=\"async\" width=\"1024\" height=\"842\" src=\"https:\/\/pantho.com.ar\/wp-content\/uploads\/2021\/11\/Guias-1024x842.png\" class=\"attachment-large size-large wp-image-714\" alt=\"\" srcset=\"https:\/\/pantho.com.ar\/wp-content\/uploads\/2021\/11\/Guias-1024x842.png 1024w, https:\/\/pantho.com.ar\/wp-content\/uploads\/2021\/11\/Guias-300x247.png 300w, https:\/\/pantho.com.ar\/wp-content\/uploads\/2021\/11\/Guias-768x632.png 768w, https:\/\/pantho.com.ar\/wp-content\/uploads\/2021\/11\/Guias-15x12.png 15w, https:\/\/pantho.com.ar\/wp-content\/uploads\/2021\/11\/Guias.png 1216w\" sizes=\"(max-width: 1024px) 100vw, 1024px\" \/>\t\t\t\t\t\t\t\t\t\t\t\t\t\t\t<\/div>\n\t\t\t\t<\/div>\n\t\t\t\t\t<\/div>\n\t\t<\/div>\n\t\t\t\t<div class=\"elementor-column elementor-col-50 elementor-inner-column elementor-element elementor-element-b233eb9\" data-id=\"b233eb9\" data-element_type=\"column\">\n\t\t\t<div class=\"elementor-widget-wrap elementor-element-populated\">\n\t\t\t\t\t\t<div class=\"elementor-element elementor-element-81ba9f5 elementor-widget elementor-widget-heading\" data-id=\"81ba9f5\" data-element_type=\"widget\" data-widget_type=\"heading.default\">\n\t\t\t\t<div class=\"elementor-widget-container\">\n\t\t\t\t\t<h2 class=\"elementor-heading-title elementor-size-default\">Surgical guides<\/h2>\t\t\t\t<\/div>\n\t\t\t\t<\/div>\n\t\t\t\t<div class=\"elementor-element elementor-element-8f52653 elementor-widget elementor-widget-text-editor\" data-id=\"8f52653\" data-element_type=\"widget\" data-widget_type=\"text-editor.default\">\n\t\t\t\t<div class=\"elementor-widget-container\">\n\t\t\t\t\t\t\t\t\t<p>We manufacture all kinds of customized surgical guides, printed on biocompatible plastics and resins. Our guides are designed with metal pieces that prevent the deterioration of the guide structure along the surgery.<\/p>\t\t\t\t\t\t\t\t<\/div>\n\t\t\t\t<\/div>\n\t\t\t\t\t<\/div>\n\t\t<\/div>\n\t\t\t\t\t<\/div>\n\t\t<\/section>\n\t\t\t\t\t<\/div>\n\t\t<\/div>\n\t\t\t\t\t<\/div>\n\t\t<\/section>\n\t\t\t\t<\/div>","protected":false},"excerpt":{"rendered":"<p>Correcciones \u00f3seas Trabajamos en conjunto con el profesional m\u00e9dico para planificar las osteotom\u00edas y el reposicionamiento de los fragmentos \u00f3seos, con el fin de devolverle al paciente la simetr\u00eda, respetando los ejes anat\u00f3micos y mejorar su calidad de vida. Del mismo modo, facilitamos al profesional la t\u00e9cnica quir\u00fargica, evitando imprevistos durante la cirug\u00eda y reduciendo&hellip;&nbsp;<a href=\"https:\/\/pantho.com.ar\/en\/planificacion-quirurgica\/\" rel=\"bookmark\">Read More &raquo;<span class=\"screen-reader-text\">SURGICAL PLANNING<\/span><\/a><\/p>","protected":false},"author":1,"featured_media":0,"parent":0,"menu_order":0,"comment_status":"closed","ping_status":"closed","template":"page-templates\/template-pagebuilder-full-width.php","meta":{"neve_meta_sidebar":"","neve_meta_container":"","neve_meta_enable_content_width":"off","neve_meta_content_width":100,"neve_meta_title_alignment":"","neve_meta_author_avatar":"","neve_post_elements_order":"","neve_meta_disable_header":"","neve_meta_disable_footer":"","neve_meta_disable_title":"","footnotes":""},"class_list":["post-524","page","type-page","status-publish","hentry"],"yoast_head":"<!-- This site is optimized with the Yoast SEO plugin v25.2 - https:\/\/yoast.com\/wordpress\/plugins\/seo\/ -->\n<title>PLANIFICACI\u00b4N QUIR\u00daRGICA<\/title>\n<meta name=\"description\" content=\"3D Medical Solutions\" \/>\n<meta name=\"robots\" content=\"index, follow, max-snippet:-1, max-image-preview:large, max-video-preview:-1\" \/>\n<link rel=\"canonical\" href=\"https:\/\/pantho.com.ar\/en\/planificacion-quirurgica\/\" \/>\n<meta property=\"og:locale\" content=\"en_US\" \/>\n<meta property=\"og:type\" content=\"article\" \/>\n<meta property=\"og:title\" content=\"PLANIFICACI\u00b4N QUIR\u00daRGICA\" \/>\n<meta property=\"og:description\" content=\"3D Medical Solutions\" \/>\n<meta property=\"og:url\" content=\"https:\/\/pantho.com.ar\/en\/planificacion-quirurgica\/\" \/>\n<meta property=\"og:site_name\" content=\"Pantho\" \/>\n<meta property=\"article:publisher\" content=\"https:\/\/www.facebook.com\/pantho3d-111628310211872\" \/>\n<meta property=\"article:modified_time\" content=\"2023-09-25T12:12:44+00:00\" \/>\n<meta property=\"og:image\" content=\"http:\/\/pantho.com.ar\/wp-content\/uploads\/2021\/11\/Portada-planificacion.png\" \/>\n<meta name=\"twitter:card\" content=\"summary_large_image\" \/>\n<meta name=\"twitter:label1\" content=\"Est. reading time\" \/>\n\t<meta name=\"twitter:data1\" content=\"1 minute\" \/>\n<script type=\"application\/ld+json\" class=\"yoast-schema-graph\">{\"@context\":\"https:\/\/schema.org\",\"@graph\":[{\"@type\":\"WebPage\",\"@id\":\"https:\/\/pantho.com.ar\/planificacion-quirurgica\/\",\"url\":\"https:\/\/pantho.com.ar\/planificacion-quirurgica\/\",\"name\":\"PLANIFICACI\u00b4N QUIR\u00daRGICA\",\"isPartOf\":{\"@id\":\"https:\/\/pantho.com.ar\/#website\"},\"primaryImageOfPage\":{\"@id\":\"https:\/\/pantho.com.ar\/planificacion-quirurgica\/#primaryimage\"},\"image\":{\"@id\":\"https:\/\/pantho.com.ar\/planificacion-quirurgica\/#primaryimage\"},\"thumbnailUrl\":\"http:\/\/pantho.com.ar\/wp-content\/uploads\/2021\/11\/Portada-planificacion.png\",\"datePublished\":\"2021-10-28T19:22:14+00:00\",\"dateModified\":\"2023-09-25T12:12:44+00:00\",\"description\":\"3D Medical Solutions\",\"breadcrumb\":{\"@id\":\"https:\/\/pantho.com.ar\/planificacion-quirurgica\/#breadcrumb\"},\"inLanguage\":\"en-US\",\"potentialAction\":[{\"@type\":\"ReadAction\",\"target\":[\"https:\/\/pantho.com.ar\/planificacion-quirurgica\/\"]}]},{\"@type\":\"ImageObject\",\"inLanguage\":\"en-US\",\"@id\":\"https:\/\/pantho.com.ar\/planificacion-quirurgica\/#primaryimage\",\"url\":\"http:\/\/pantho.com.ar\/wp-content\/uploads\/2021\/11\/Portada-planificacion.png\",\"contentUrl\":\"http:\/\/pantho.com.ar\/wp-content\/uploads\/2021\/11\/Portada-planificacion.png\"},{\"@type\":\"BreadcrumbList\",\"@id\":\"https:\/\/pantho.com.ar\/planificacion-quirurgica\/#breadcrumb\",\"itemListElement\":[{\"@type\":\"ListItem\",\"position\":1,\"name\":\"Inicio\",\"item\":\"https:\/\/pantho.com.ar\/\"},{\"@type\":\"ListItem\",\"position\":2,\"name\":\"PLANIFICACI\u00d3N QUIR\u00daRGICA\"}]},{\"@type\":\"WebSite\",\"@id\":\"https:\/\/pantho.com.ar\/#website\",\"url\":\"https:\/\/pantho.com.ar\/\",\"name\":\"Pantho\",\"description\":\"3D MEDICAL SOLUTIONS\",\"publisher\":{\"@id\":\"https:\/\/pantho.com.ar\/#organization\"},\"potentialAction\":[{\"@type\":\"SearchAction\",\"target\":{\"@type\":\"EntryPoint\",\"urlTemplate\":\"https:\/\/pantho.com.ar\/?s={search_term_string}\"},\"query-input\":{\"@type\":\"PropertyValueSpecification\",\"valueRequired\":true,\"valueName\":\"search_term_string\"}}],\"inLanguage\":\"en-US\"},{\"@type\":\"Organization\",\"@id\":\"https:\/\/pantho.com.ar\/#organization\",\"name\":\"Pantho\",\"url\":\"https:\/\/pantho.com.ar\/\",\"logo\":{\"@type\":\"ImageObject\",\"inLanguage\":\"en-US\",\"@id\":\"https:\/\/pantho.com.ar\/#\/schema\/logo\/image\/\",\"url\":\"http:\/\/pantho.com.ar\/wp-content\/uploads\/2021\/10\/Logo2-1.png\",\"contentUrl\":\"http:\/\/pantho.com.ar\/wp-content\/uploads\/2021\/10\/Logo2-1.png\",\"width\":1431,\"height\":1099,\"caption\":\"Pantho\"},\"image\":{\"@id\":\"https:\/\/pantho.com.ar\/#\/schema\/logo\/image\/\"},\"sameAs\":[\"https:\/\/www.facebook.com\/pantho3d-111628310211872\",\"https:\/\/www.instagram.com\/pantho3d\/?hl=es\",\"https:\/\/www.linkedin.com\/in\/pantho-3d-medical-solutions-aa378a1a6?originalSubdomain=ar\"]}]}<\/script>\n<!-- \/ Yoast SEO plugin. -->","yoast_head_json":{"title":"PLANIFICACI\u00b4N QUIR\u00daRGICA","description":"3D Medical Solutions","robots":{"index":"index","follow":"follow","max-snippet":"max-snippet:-1","max-image-preview":"max-image-preview:large","max-video-preview":"max-video-preview:-1"},"canonical":"https:\/\/pantho.com.ar\/en\/planificacion-quirurgica\/","og_locale":"en_US","og_type":"article","og_title":"PLANIFICACI\u00b4N QUIR\u00daRGICA","og_description":"3D Medical Solutions","og_url":"https:\/\/pantho.com.ar\/en\/planificacion-quirurgica\/","og_site_name":"Pantho","article_publisher":"https:\/\/www.facebook.com\/pantho3d-111628310211872","article_modified_time":"2023-09-25T12:12:44+00:00","og_image":[{"url":"http:\/\/pantho.com.ar\/wp-content\/uploads\/2021\/11\/Portada-planificacion.png","type":"","width":"","height":""}],"twitter_card":"summary_large_image","twitter_misc":{"Est. reading time":"1 minute"},"schema":{"@context":"https:\/\/schema.org","@graph":[{"@type":"WebPage","@id":"https:\/\/pantho.com.ar\/planificacion-quirurgica\/","url":"https:\/\/pantho.com.ar\/planificacion-quirurgica\/","name":"PLANIFICACI\u00b4N QUIR\u00daRGICA","isPartOf":{"@id":"https:\/\/pantho.com.ar\/#website"},"primaryImageOfPage":{"@id":"https:\/\/pantho.com.ar\/planificacion-quirurgica\/#primaryimage"},"image":{"@id":"https:\/\/pantho.com.ar\/planificacion-quirurgica\/#primaryimage"},"thumbnailUrl":"http:\/\/pantho.com.ar\/wp-content\/uploads\/2021\/11\/Portada-planificacion.png","datePublished":"2021-10-28T19:22:14+00:00","dateModified":"2023-09-25T12:12:44+00:00","description":"3D Medical Solutions","breadcrumb":{"@id":"https:\/\/pantho.com.ar\/planificacion-quirurgica\/#breadcrumb"},"inLanguage":"en-US","potentialAction":[{"@type":"ReadAction","target":["https:\/\/pantho.com.ar\/planificacion-quirurgica\/"]}]},{"@type":"ImageObject","inLanguage":"en-US","@id":"https:\/\/pantho.com.ar\/planificacion-quirurgica\/#primaryimage","url":"http:\/\/pantho.com.ar\/wp-content\/uploads\/2021\/11\/Portada-planificacion.png","contentUrl":"http:\/\/pantho.com.ar\/wp-content\/uploads\/2021\/11\/Portada-planificacion.png"},{"@type":"BreadcrumbList","@id":"https:\/\/pantho.com.ar\/planificacion-quirurgica\/#breadcrumb","itemListElement":[{"@type":"ListItem","position":1,"name":"Inicio","item":"https:\/\/pantho.com.ar\/"},{"@type":"ListItem","position":2,"name":"PLANIFICACI\u00d3N QUIR\u00daRGICA"}]},{"@type":"WebSite","@id":"https:\/\/pantho.com.ar\/#website","url":"https:\/\/pantho.com.ar\/","name":"Pantho","description":"3D MEDICAL SOLUTIONS","publisher":{"@id":"https:\/\/pantho.com.ar\/#organization"},"potentialAction":[{"@type":"SearchAction","target":{"@type":"EntryPoint","urlTemplate":"https:\/\/pantho.com.ar\/?s={search_term_string}"},"query-input":{"@type":"PropertyValueSpecification","valueRequired":true,"valueName":"search_term_string"}}],"inLanguage":"en-US"},{"@type":"Organization","@id":"https:\/\/pantho.com.ar\/#organization","name":"Pantho","url":"https:\/\/pantho.com.ar\/","logo":{"@type":"ImageObject","inLanguage":"en-US","@id":"https:\/\/pantho.com.ar\/#\/schema\/logo\/image\/","url":"http:\/\/pantho.com.ar\/wp-content\/uploads\/2021\/10\/Logo2-1.png","contentUrl":"http:\/\/pantho.com.ar\/wp-content\/uploads\/2021\/10\/Logo2-1.png","width":1431,"height":1099,"caption":"Pantho"},"image":{"@id":"https:\/\/pantho.com.ar\/#\/schema\/logo\/image\/"},"sameAs":["https:\/\/www.facebook.com\/pantho3d-111628310211872","https:\/\/www.instagram.com\/pantho3d\/?hl=es","https:\/\/www.linkedin.com\/in\/pantho-3d-medical-solutions-aa378a1a6?originalSubdomain=ar"]}]}},"_links":{"self":[{"href":"https:\/\/pantho.com.ar\/en\/wp-json\/wp\/v2\/pages\/524","targetHints":{"allow":["GET"]}}],"collection":[{"href":"https:\/\/pantho.com.ar\/en\/wp-json\/wp\/v2\/pages"}],"about":[{"href":"https:\/\/pantho.com.ar\/en\/wp-json\/wp\/v2\/types\/page"}],"author":[{"embeddable":true,"href":"https:\/\/pantho.com.ar\/en\/wp-json\/wp\/v2\/users\/1"}],"replies":[{"embeddable":true,"href":"https:\/\/pantho.com.ar\/en\/wp-json\/wp\/v2\/comments?post=524"}],"version-history":[{"count":95,"href":"https:\/\/pantho.com.ar\/en\/wp-json\/wp\/v2\/pages\/524\/revisions"}],"predecessor-version":[{"id":1167,"href":"https:\/\/pantho.com.ar\/en\/wp-json\/wp\/v2\/pages\/524\/revisions\/1167"}],"wp:attachment":[{"href":"https:\/\/pantho.com.ar\/en\/wp-json\/wp\/v2\/media?parent=524"}],"curies":[{"name":"wp","href":"https:\/\/api.w.org\/{rel}","templated":true}]}}