{"id":662,"date":"2021-11-02T12:24:52","date_gmt":"2021-11-02T15:24:52","guid":{"rendered":"https:\/\/purple-cobra-943113.hostingersite.com\/personalizar-cookies\/"},"modified":"2021-11-02T12:24:52","modified_gmt":"2021-11-02T15:24:52","slug":"personalizar-cookies","status":"publish","type":"page","link":"https:\/\/pantho.com.ar\/en\/personalizar-cookies\/","title":{"rendered":"Personalizar Cookies"},"content":{"rendered":"<div>\n      <div id=\"custom-cookies-eu-label\">\n          El sitio Web https:\/\/purple-cobra-943113.hostingersite.com utiliza cookies propias y de terceros para su correcto funcionamiento y para fines anal\u00edticos. Al hacer clic en el bot\u00f3n Aceptar, acepta el uso de estas tecnolog\u00edas y el procesamiento de sus datos para estos prop\u00f3sitos.          \n\n      <\/div>\n\n      <div id=\"custom-cookies-eu-buttons\" class=\"cookies-eu-buttons\">\n        <button id=\"custom-cookies-eu-reject\" class=\"cookies-eu-reject\">Reject<\/button>\n        <button id=\"custom-cookies-eu-accept\" class=\"cookies-eu-accept\">ACEPTAR TODAS LAS COOKIES<\/button><\/div>\n      <\/div>\n\n<br\/>\n<p>\n\tPuedes cambiar tus preferencias de cookies en cualquier momento si vuelves a la p\u00e1gina de Personalizar cookies, a la que puedes acceder a trav\u00e9s del Aviso de cookies. Para obtener m\u00e1s informaci\u00f3n sobre las cookies y c\u00f3mo las usamos, consulta la p\u00e1gina de <a href=\"https:\/\/pantho.com.ar\/en\/politica-de-cookies\/\">Pol\u00edtica de Cookies<\/a>.\n<\/p>\n\n<h3>Cookies t\u00e9cnicas<\/h3>\n<p>\n\tSon aquellas que permiten a los usuarios registrados navegar a trav\u00e9s del sitio Web, del \u00e1rea restringida y a utilizar sus diferentes funciones, como por ejemplo, el sistema de comentarios o el buscador y no pueden ser desactivadas.\n<\/p>\n\n<div class=\"custom-cookies-option\">\n  <h3>Cookies de an\u00e1lisis o medici\u00f3n<\/h3>\n  <span>\n    <input type=\"radio\" name=\"cookies-analytics-option\" value=\"true\" class=\"custom-cookies-radio\" data-consent=\"ANLTCS\" id=\"custom-cookies-accept-analytics\" >\n    <label for=\"custom-cookies-accept-analytics\">Activar<\/label>\n    &nbsp;&nbsp;\n    <input type=\"radio\" name=\"cookies-analytics-option\" value=\"false\" class=\"custom-cookies-radio\" data-consent=\"ANLTCS\" id=\"custom-cookies-reject-analytics\" \n    checked>\n    <label for=\"custom-cookies-reject-analytics\">Desactivar<\/label>\n<\/span>\n<\/div>\n\n<p>\n\tSon aquellas que, bien tratadas por el sitio Web o por terceros, permiten cuantificar el n\u00famero de usuarios y as\u00ed realizar la medici\u00f3n y an\u00e1lisis estad\u00edstico de la utilizaci\u00f3n que hacen los usuarios del sitio Web. Para ello se analiza la navegaci\u00f3n que realizas en este sitio Web con el fin de mejorarlo.\n<\/p>\n\n<div class=\"custom-cookies-option\">\n  <h3>Cookies sociales<\/h3>\n  <span>\n    <input type=\"radio\" name=\"cookies-social-option\" value=\"true\" class=\"custom-cookies-radio\" data-consent=\"SCLS\" id=\"custom-cookies-accept-social\" \n    >\n    <label for=\"custom-cookies-accept-social\">Activar<\/label>\n    &nbsp;&nbsp;\n    <input type=\"radio\" name=\"cookies-social-option\" value=\"false\" class=\"custom-cookies-radio\" data-consent=\"SCLS\" id=\"custom-cookies-reject-social\" \n    checked>\n    <label for=\"custom-cookies-reject-social\">Desactivar<\/label>\n<\/span>\n<\/div>\n\n<p>\n  Son establecidas por las plataformas de redes sociales para permitir a los usuarios compartir contenido con sus amigos y redes.  \n<\/p>","protected":false},"excerpt":{"rendered":"<p>El sitio Web https:\/\/purple-cobra-943113.hostingersite.com utiliza cookies propias y de terceros para su correcto funcionamiento y para fines anal\u00edticos. Al hacer clic en el bot\u00f3n Aceptar, acepta el uso de estas tecnolog\u00edas y el procesamiento de sus datos para estos prop\u00f3sitos. Rechazar ACEPTAR TODAS LAS COOKIES Puedes cambiar tus preferencias de cookies en cualquier momento si&hellip;&nbsp;<a href=\"https:\/\/pantho.com.ar\/en\/personalizar-cookies\/\" rel=\"bookmark\">Read More &raquo;<span class=\"screen-reader-text\">Personalizar Cookies<\/span><\/a><\/p>","protected":false},"author":1,"featured_media":0,"parent":0,"menu_order":0,"comment_status":"closed","ping_status":"closed","template":"","meta":{"neve_meta_sidebar":"","neve_meta_container":"","neve_meta_enable_content_width":"","neve_meta_content_width":0,"neve_meta_title_alignment":"","neve_meta_author_avatar":"","neve_post_elements_order":"","neve_meta_disable_header":"","neve_meta_disable_footer":"","neve_meta_disable_title":"","footnotes":""},"class_list":["post-662","page","type-page","status-publish","hentry"],"yoast_head":"<!-- This site is optimized with the Yoast SEO plugin v25.2 - https:\/\/yoast.com\/wordpress\/plugins\/seo\/ -->\n<title>Personalizar Cookies - Pantho<\/title>\n<meta name=\"description\" content=\"3D Medical Solutions\" \/>\n<meta name=\"robots\" content=\"index, follow, max-snippet:-1, max-image-preview:large, max-video-preview:-1\" \/>\n<link rel=\"canonical\" href=\"https:\/\/pantho.com.ar\/en\/personalizar-cookies\/\" \/>\n<meta property=\"og:locale\" content=\"en_US\" \/>\n<meta property=\"og:type\" content=\"article\" \/>\n<meta property=\"og:title\" content=\"Personalizar Cookies - Pantho\" \/>\n<meta property=\"og:description\" content=\"3D Medical Solutions\" \/>\n<meta property=\"og:url\" content=\"https:\/\/pantho.com.ar\/en\/personalizar-cookies\/\" \/>\n<meta property=\"og:site_name\" content=\"Pantho\" \/>\n<meta property=\"article:publisher\" content=\"https:\/\/www.facebook.com\/pantho3d-111628310211872\" \/>\n<meta name=\"twitter:card\" content=\"summary_large_image\" \/>\n<script type=\"application\/ld+json\" class=\"yoast-schema-graph\">{\"@context\":\"https:\/\/schema.org\",\"@graph\":[{\"@type\":\"WebPage\",\"@id\":\"https:\/\/pantho.com.ar\/personalizar-cookies\/\",\"url\":\"https:\/\/pantho.com.ar\/personalizar-cookies\/\",\"name\":\"Personalizar Cookies - Pantho\",\"isPartOf\":{\"@id\":\"https:\/\/pantho.com.ar\/#website\"},\"datePublished\":\"2021-11-02T15:24:52+00:00\",\"description\":\"3D Medical Solutions\",\"breadcrumb\":{\"@id\":\"https:\/\/pantho.com.ar\/personalizar-cookies\/#breadcrumb\"},\"inLanguage\":\"en-US\",\"potentialAction\":[{\"@type\":\"ReadAction\",\"target\":[\"https:\/\/pantho.com.ar\/personalizar-cookies\/\"]}]},{\"@type\":\"BreadcrumbList\",\"@id\":\"https:\/\/pantho.com.ar\/personalizar-cookies\/#breadcrumb\",\"itemListElement\":[{\"@type\":\"ListItem\",\"position\":1,\"name\":\"Inicio\",\"item\":\"https:\/\/pantho.com.ar\/\"},{\"@type\":\"ListItem\",\"position\":2,\"name\":\"Personalizar Cookies\"}]},{\"@type\":\"WebSite\",\"@id\":\"https:\/\/pantho.com.ar\/#website\",\"url\":\"https:\/\/pantho.com.ar\/\",\"name\":\"Pantho\",\"description\":\"3D MEDICAL SOLUTIONS\",\"publisher\":{\"@id\":\"https:\/\/pantho.com.ar\/#organization\"},\"potentialAction\":[{\"@type\":\"SearchAction\",\"target\":{\"@type\":\"EntryPoint\",\"urlTemplate\":\"https:\/\/pantho.com.ar\/?s={search_term_string}\"},\"query-input\":{\"@type\":\"PropertyValueSpecification\",\"valueRequired\":true,\"valueName\":\"search_term_string\"}}],\"inLanguage\":\"en-US\"},{\"@type\":\"Organization\",\"@id\":\"https:\/\/pantho.com.ar\/#organization\",\"name\":\"Pantho\",\"url\":\"https:\/\/pantho.com.ar\/\",\"logo\":{\"@type\":\"ImageObject\",\"inLanguage\":\"en-US\",\"@id\":\"https:\/\/pantho.com.ar\/#\/schema\/logo\/image\/\",\"url\":\"http:\/\/pantho.com.ar\/wp-content\/uploads\/2021\/10\/Logo2-1.png\",\"contentUrl\":\"http:\/\/pantho.com.ar\/wp-content\/uploads\/2021\/10\/Logo2-1.png\",\"width\":1431,\"height\":1099,\"caption\":\"Pantho\"},\"image\":{\"@id\":\"https:\/\/pantho.com.ar\/#\/schema\/logo\/image\/\"},\"sameAs\":[\"https:\/\/www.facebook.com\/pantho3d-111628310211872\",\"https:\/\/www.instagram.com\/pantho3d\/?hl=es\",\"https:\/\/www.linkedin.com\/in\/pantho-3d-medical-solutions-aa378a1a6?originalSubdomain=ar\"]}]}<\/script>\n<!-- \/ Yoast SEO plugin. -->","yoast_head_json":{"title":"Personalizar Cookies - Pantho","description":"3D Medical Solutions","robots":{"index":"index","follow":"follow","max-snippet":"max-snippet:-1","max-image-preview":"max-image-preview:large","max-video-preview":"max-video-preview:-1"},"canonical":"https:\/\/pantho.com.ar\/en\/personalizar-cookies\/","og_locale":"en_US","og_type":"article","og_title":"Personalizar Cookies - Pantho","og_description":"3D Medical Solutions","og_url":"https:\/\/pantho.com.ar\/en\/personalizar-cookies\/","og_site_name":"Pantho","article_publisher":"https:\/\/www.facebook.com\/pantho3d-111628310211872","twitter_card":"summary_large_image","schema":{"@context":"https:\/\/schema.org","@graph":[{"@type":"WebPage","@id":"https:\/\/pantho.com.ar\/personalizar-cookies\/","url":"https:\/\/pantho.com.ar\/personalizar-cookies\/","name":"Personalizar Cookies - Pantho","isPartOf":{"@id":"https:\/\/pantho.com.ar\/#website"},"datePublished":"2021-11-02T15:24:52+00:00","description":"3D Medical Solutions","breadcrumb":{"@id":"https:\/\/pantho.com.ar\/personalizar-cookies\/#breadcrumb"},"inLanguage":"en-US","potentialAction":[{"@type":"ReadAction","target":["https:\/\/pantho.com.ar\/personalizar-cookies\/"]}]},{"@type":"BreadcrumbList","@id":"https:\/\/pantho.com.ar\/personalizar-cookies\/#breadcrumb","itemListElement":[{"@type":"ListItem","position":1,"name":"Inicio","item":"https:\/\/pantho.com.ar\/"},{"@type":"ListItem","position":2,"name":"Personalizar Cookies"}]},{"@type":"WebSite","@id":"https:\/\/pantho.com.ar\/#website","url":"https:\/\/pantho.com.ar\/","name":"Pantho","description":"3D MEDICAL SOLUTIONS","publisher":{"@id":"https:\/\/pantho.com.ar\/#organization"},"potentialAction":[{"@type":"SearchAction","target":{"@type":"EntryPoint","urlTemplate":"https:\/\/pantho.com.ar\/?s={search_term_string}"},"query-input":{"@type":"PropertyValueSpecification","valueRequired":true,"valueName":"search_term_string"}}],"inLanguage":"en-US"},{"@type":"Organization","@id":"https:\/\/pantho.com.ar\/#organization","name":"Pantho","url":"https:\/\/pantho.com.ar\/","logo":{"@type":"ImageObject","inLanguage":"en-US","@id":"https:\/\/pantho.com.ar\/#\/schema\/logo\/image\/","url":"http:\/\/pantho.com.ar\/wp-content\/uploads\/2021\/10\/Logo2-1.png","contentUrl":"http:\/\/pantho.com.ar\/wp-content\/uploads\/2021\/10\/Logo2-1.png","width":1431,"height":1099,"caption":"Pantho"},"image":{"@id":"https:\/\/pantho.com.ar\/#\/schema\/logo\/image\/"},"sameAs":["https:\/\/www.facebook.com\/pantho3d-111628310211872","https:\/\/www.instagram.com\/pantho3d\/?hl=es","https:\/\/www.linkedin.com\/in\/pantho-3d-medical-solutions-aa378a1a6?originalSubdomain=ar"]}]}},"_links":{"self":[{"href":"https:\/\/pantho.com.ar\/en\/wp-json\/wp\/v2\/pages\/662","targetHints":{"allow":["GET"]}}],"collection":[{"href":"https:\/\/pantho.com.ar\/en\/wp-json\/wp\/v2\/pages"}],"about":[{"href":"https:\/\/pantho.com.ar\/en\/wp-json\/wp\/v2\/types\/page"}],"author":[{"embeddable":true,"href":"https:\/\/pantho.com.ar\/en\/wp-json\/wp\/v2\/users\/1"}],"replies":[{"embeddable":true,"href":"https:\/\/pantho.com.ar\/en\/wp-json\/wp\/v2\/comments?post=662"}],"version-history":[{"count":0,"href":"https:\/\/pantho.com.ar\/en\/wp-json\/wp\/v2\/pages\/662\/revisions"}],"wp:attachment":[{"href":"https:\/\/pantho.com.ar\/en\/wp-json\/wp\/v2\/media?parent=662"}],"curies":[{"name":"wp","href":"https:\/\/api.w.org\/{rel}","templated":true}]}}