{"id":73,"date":"2021-10-21T14:52:29","date_gmt":"2021-10-21T17:52:29","guid":{"rendered":"https:\/\/purple-cobra-943113.hostingersite.com\/?page_id=73"},"modified":"2023-09-25T09:09:26","modified_gmt":"2023-09-25T12:09:26","slug":"home","status":"publish","type":"page","link":"https:\/\/pantho.com.ar\/en\/","title":{"rendered":"PANTHO"},"content":{"rendered":"<div data-elementor-type=\"wp-page\" data-elementor-id=\"73\" class=\"elementor elementor-73\">\n\t\t\t\t\t\t<section class=\"elementor-section elementor-top-section elementor-element elementor-element-fda96ce elementor-section-full_width elementor-section-stretched elementor-section-height-default elementor-section-height-default\" data-id=\"fda96ce\" data-element_type=\"section\" data-settings=\"{&quot;stretch_section&quot;:&quot;section-stretched&quot;}\">\n\t\t\t\t\t\t<div class=\"elementor-container elementor-column-gap-default\">\n\t\t\t\t\t<div class=\"elementor-column elementor-col-100 elementor-top-column elementor-element elementor-element-88a09d3\" data-id=\"88a09d3\" data-element_type=\"column\">\n\t\t\t<div class=\"elementor-widget-wrap elementor-element-populated\">\n\t\t\t\t\t\t<div class=\"elementor-element elementor-element-b929a39 elementor-widget elementor-widget-text-editor\" data-id=\"b929a39\" data-element_type=\"widget\" data-widget_type=\"text-editor.default\">\n\t\t\t\t<div class=\"elementor-widget-container\">\n\t\t\t\t\t\t\t\t\t<div>\u00a0<\/div>\t\t\t\t\t\t\t\t<\/div>\n\t\t\t\t<\/div>\n\t\t\t\t\t<\/div>\n\t\t<\/div>\n\t\t\t\t\t<\/div>\n\t\t<\/section>\n\t\t\t\t<section class=\"elementor-section elementor-top-section elementor-element elementor-element-de2e04f elementor-section-boxed elementor-section-height-default elementor-section-height-default\" data-id=\"de2e04f\" data-element_type=\"section\">\n\t\t\t\t\t\t<div class=\"elementor-container elementor-column-gap-default\">\n\t\t\t\t\t<div class=\"elementor-column elementor-col-100 elementor-top-column elementor-element elementor-element-e980919\" data-id=\"e980919\" data-element_type=\"column\" data-settings=\"{&quot;background_background&quot;:&quot;classic&quot;}\">\n\t\t\t<div class=\"elementor-widget-wrap elementor-element-populated\">\n\t\t\t\t\t\t<section class=\"elementor-section elementor-inner-section elementor-element elementor-element-e4d5afa elementor-section-boxed elementor-section-height-default elementor-section-height-default\" data-id=\"e4d5afa\" data-element_type=\"section\">\n\t\t\t\t\t\t<div class=\"elementor-container elementor-column-gap-default\">\n\t\t\t\t\t<div class=\"elementor-column elementor-col-50 elementor-inner-column elementor-element elementor-element-d4af0db\" data-id=\"d4af0db\" data-element_type=\"column\">\n\t\t\t<div class=\"elementor-widget-wrap elementor-element-populated\">\n\t\t\t\t\t\t<div class=\"elementor-element elementor-element-c147f5d elementor-widget elementor-widget-text-editor\" data-id=\"c147f5d\" data-element_type=\"widget\" data-widget_type=\"text-editor.default\">\n\t\t\t\t<div class=\"elementor-widget-container\">\n\t\t\t\t\t\t\t\t\t<p>A.N.M.A.T.<\/p>\t\t\t\t\t\t\t\t<\/div>\n\t\t\t\t<\/div>\n\t\t\t\t<div class=\"elementor-element elementor-element-9191e51 elementor-widget elementor-widget-heading\" data-id=\"9191e51\" data-element_type=\"widget\" data-widget_type=\"heading.default\">\n\t\t\t\t<div class=\"elementor-widget-container\">\n\t\t\t\t\t<h5 class=\"elementor-heading-title elementor-size-default\">Qualified as a manufacturer and importer of standard and custom medical products <\/h5>\t\t\t\t<\/div>\n\t\t\t\t<\/div>\n\t\t\t\t<div class=\"elementor-element elementor-element-2891df9 elementor-widget elementor-widget-heading\" data-id=\"2891df9\" data-element_type=\"widget\" data-widget_type=\"heading.default\">\n\t\t\t\t<div class=\"elementor-widget-container\">\n\t\t\t\t\t<h5 class=\"elementor-heading-title elementor-size-default\">\nQualified as a distributor of medical products<\/h5>\t\t\t\t<\/div>\n\t\t\t\t<\/div>\n\t\t\t\t\t<\/div>\n\t\t<\/div>\n\t\t\t\t<div class=\"elementor-column elementor-col-50 elementor-inner-column elementor-element elementor-element-51c908c\" data-id=\"51c908c\" data-element_type=\"column\">\n\t\t\t<div class=\"elementor-widget-wrap elementor-element-populated\">\n\t\t\t\t\t\t<div class=\"elementor-element elementor-element-f93214f elementor-widget elementor-widget-text-editor\" data-id=\"f93214f\" data-element_type=\"widget\" data-widget_type=\"text-editor.default\">\n\t\t\t\t<div class=\"elementor-widget-container\">\n\t\t\t\t\t\t\t\t\t<p>Pantho is focused on customer service as one of the main objectives. Committed to excellence, due to continuous training as a company philosophy, in order to provide our clients a better quality of services and a wide variety of products aimed at satisfying the needs of patients and health professionals. We have a team of professionals with a vast experience dedicated to the design and commercialization of Medical Products, provided with the highest quality and the most competitive prices in the market.<\/p>\t\t\t\t\t\t\t\t<\/div>\n\t\t\t\t<\/div>\n\t\t\t\t\t<\/div>\n\t\t<\/div>\n\t\t\t\t\t<\/div>\n\t\t<\/section>\n\t\t\t\t\t<\/div>\n\t\t<\/div>\n\t\t\t\t\t<\/div>\n\t\t<\/section>\n\t\t\t\t<section class=\"elementor-section elementor-top-section elementor-element elementor-element-9c55c49 elementor-section-boxed elementor-section-height-default elementor-section-height-default\" data-id=\"9c55c49\" data-element_type=\"section\">\n\t\t\t\t\t\t<div class=\"elementor-container elementor-column-gap-default\">\n\t\t\t\t\t<div class=\"elementor-column elementor-col-100 elementor-top-column elementor-element elementor-element-42ba517\" data-id=\"42ba517\" data-element_type=\"column\" data-settings=\"{&quot;background_background&quot;:&quot;classic&quot;}\">\n\t\t\t<div class=\"elementor-widget-wrap elementor-element-populated\">\n\t\t\t\t\t\t<div class=\"elementor-element elementor-element-a2f2ceb elementor-widget elementor-widget-heading\" data-id=\"a2f2ceb\" data-element_type=\"widget\" data-widget_type=\"heading.default\">\n\t\t\t\t<div class=\"elementor-widget-container\">\n\t\t\t\t\t<h2 class=\"elementor-heading-title elementor-size-default\">News<\/h2>\t\t\t\t<\/div>\n\t\t\t\t<\/div>\n\t\t\t\t<div class=\"elementor-element elementor-element-466ad73 elementor-widget elementor-widget-text-editor\" data-id=\"466ad73\" data-element_type=\"widget\" data-widget_type=\"text-editor.default\">\n\t\t\t\t<div class=\"elementor-widget-container\">\n\t\t\t\t\t\t\t\t\t<p><div class=\"pt-cv-wrapper\"><div class=\"pt-cv-view pt-cv-scrollable pt-cv-colsys\" id=\"pt-cv-view-c4cc27awe6\"><div data-id=\"pt-cv-page-1\" class=\"pt-cv-page\" data-cvc=\"1\"><div id=\"4bca7fa386\" class=\"pt-cv-carousel pt-cv-slide\" data-ride=\"cvcarousel\" data-interval=\"false\">\n<div class=\"carousel-inner\"><div class=\"item active\"><div class=\"row\"><div class=\"col-md-12 pt-cv-content-item pt-cv-1-col\" ><div class=\"pt-cv-carousel-caption pt-cv-cap-wo-img\"><a href=\"https:\/\/pantho.com.ar\/en\/innovacion-en-vr-enfocada-en-capacitacion-qururgica\/\" class=\"_self pt-cv-href-thumbnail pt-cv-thumb-default\" target=\"_self\" ><\/a>\n<h1 class=\"pt-cv-title\"><a href=\"https:\/\/pantho.com.ar\/en\/innovacion-en-vr-enfocada-en-capacitacion-qururgica\/\" class=\"_self\" target=\"_self\" >VR innovation applied on surgical training<\/a><\/h1>\n<div class=\"pt-cv-content\">We believe that virtual and augmented reality are powerful tools with multiple applications in the field of medicine ...<br \/><div class=\"pt-cv-rmwrap\"><a href=\"https:\/\/pantho.com.ar\/en\/innovacion-en-vr-enfocada-en-capacitacion-qururgica\/\" class=\"_self pt-cv-readmore btn btn-success\" target=\"_self\">Read more<\/a><\/div><\/div><\/div><\/div><\/div><\/div><\/div>\n<\/div><\/div><\/div><\/div><\/p>\t\t\t\t\t\t\t\t<\/div>\n\t\t\t\t<\/div>\n\t\t\t\t\t<\/div>\n\t\t<\/div>\n\t\t\t\t\t<\/div>\n\t\t<\/section>\n\t\t\t\t<\/div>","protected":false},"excerpt":{"rendered":"<p>\u00a0 A.N.M.A.T. Habilitado como fabricante e importador de productos m\u00e9dicos est\u00e1ndar y a medida Habilitado como distribuidor de productos m\u00e9dicos Pantho es una empresa focalizada en la atenci\u00f3n al cliente como uno de los objetivos principales. Comprometida con la excelencia, debido a la capacitaci\u00f3n continua como filosof\u00eda de la empresa, para poder brindarle a nuestros&hellip;&nbsp;<a href=\"https:\/\/pantho.com.ar\/en\/\" rel=\"bookmark\">Read More &raquo;<span class=\"screen-reader-text\">PANTHO<\/span><\/a><\/p>","protected":false},"author":1,"featured_media":0,"parent":0,"menu_order":0,"comment_status":"closed","ping_status":"closed","template":"page-templates\/template-pagebuilder-full-width.php","meta":{"neve_meta_sidebar":"","neve_meta_container":"","neve_meta_enable_content_width":"off","neve_meta_content_width":100,"neve_meta_title_alignment":"","neve_meta_author_avatar":"","neve_post_elements_order":"","neve_meta_disable_header":"","neve_meta_disable_footer":"","neve_meta_disable_title":"on","footnotes":""},"class_list":["post-73","page","type-page","status-publish","hentry"],"yoast_head":"<!-- This site is optimized with the Yoast SEO plugin v25.2 - https:\/\/yoast.com\/wordpress\/plugins\/seo\/ -->\n<title>PANTHO | 3D Medical Solutions<\/title>\n<meta name=\"description\" content=\"Contamos con habilitaci\u00f3n de ANMAT como fabricantes, importadores y distribuidores de productos m\u00e9dicos est\u00e1ndar y a medida.\" \/>\n<meta name=\"robots\" content=\"index, follow, max-snippet:-1, max-image-preview:large, max-video-preview:-1\" \/>\n<link rel=\"canonical\" href=\"https:\/\/pantho.com.ar\/en\/\" \/>\n<meta property=\"og:locale\" content=\"en_US\" \/>\n<meta property=\"og:type\" content=\"article\" \/>\n<meta property=\"og:title\" content=\"PANTHO | 3D Medical Solutions\" \/>\n<meta property=\"og:description\" content=\"Contamos con habilitaci\u00f3n de ANMAT como fabricantes, importadores y distribuidores de productos m\u00e9dicos est\u00e1ndar y a medida.\" \/>\n<meta property=\"og:url\" content=\"https:\/\/pantho.com.ar\/en\/\" \/>\n<meta property=\"og:site_name\" content=\"Pantho\" \/>\n<meta property=\"article:publisher\" content=\"https:\/\/www.facebook.com\/pantho3d-111628310211872\" \/>\n<meta property=\"article:modified_time\" content=\"2023-09-25T12:09:26+00:00\" \/>\n<meta name=\"twitter:card\" content=\"summary_large_image\" \/>\n<meta name=\"twitter:label1\" content=\"Est. reading time\" \/>\n\t<meta name=\"twitter:data1\" content=\"1 minute\" \/>\n<script type=\"application\/ld+json\" class=\"yoast-schema-graph\">{\"@context\":\"https:\/\/schema.org\",\"@graph\":[{\"@type\":\"WebPage\",\"@id\":\"https:\/\/pantho.com.ar\/\",\"url\":\"https:\/\/pantho.com.ar\/\",\"name\":\"PANTHO | 3D Medical Solutions\",\"isPartOf\":{\"@id\":\"https:\/\/pantho.com.ar\/#website\"},\"datePublished\":\"2021-10-21T17:52:29+00:00\",\"dateModified\":\"2023-09-25T12:09:26+00:00\",\"description\":\"Contamos con habilitaci\u00f3n de ANMAT como fabricantes, importadores y distribuidores de productos m\u00e9dicos est\u00e1ndar y a medida.\",\"breadcrumb\":{\"@id\":\"https:\/\/pantho.com.ar\/#breadcrumb\"},\"inLanguage\":\"en-US\",\"potentialAction\":[{\"@type\":\"ReadAction\",\"target\":[\"https:\/\/pantho.com.ar\/\"]}]},{\"@type\":\"BreadcrumbList\",\"@id\":\"https:\/\/pantho.com.ar\/#breadcrumb\",\"itemListElement\":[{\"@type\":\"ListItem\",\"position\":1,\"name\":\"Inicio\",\"item\":\"https:\/\/pantho.com.ar\/\"},{\"@type\":\"ListItem\",\"position\":2,\"name\":\"PANTHO\"}]},{\"@type\":\"WebSite\",\"@id\":\"https:\/\/pantho.com.ar\/#website\",\"url\":\"https:\/\/pantho.com.ar\/\",\"name\":\"Pantho\",\"description\":\"3D MEDICAL SOLUTIONS\",\"publisher\":{\"@id\":\"https:\/\/pantho.com.ar\/#organization\"},\"potentialAction\":[{\"@type\":\"SearchAction\",\"target\":{\"@type\":\"EntryPoint\",\"urlTemplate\":\"https:\/\/pantho.com.ar\/?s={search_term_string}\"},\"query-input\":{\"@type\":\"PropertyValueSpecification\",\"valueRequired\":true,\"valueName\":\"search_term_string\"}}],\"inLanguage\":\"en-US\"},{\"@type\":\"Organization\",\"@id\":\"https:\/\/pantho.com.ar\/#organization\",\"name\":\"Pantho\",\"url\":\"https:\/\/pantho.com.ar\/\",\"logo\":{\"@type\":\"ImageObject\",\"inLanguage\":\"en-US\",\"@id\":\"https:\/\/pantho.com.ar\/#\/schema\/logo\/image\/\",\"url\":\"http:\/\/pantho.com.ar\/wp-content\/uploads\/2021\/10\/Logo2-1.png\",\"contentUrl\":\"http:\/\/pantho.com.ar\/wp-content\/uploads\/2021\/10\/Logo2-1.png\",\"width\":1431,\"height\":1099,\"caption\":\"Pantho\"},\"image\":{\"@id\":\"https:\/\/pantho.com.ar\/#\/schema\/logo\/image\/\"},\"sameAs\":[\"https:\/\/www.facebook.com\/pantho3d-111628310211872\",\"https:\/\/www.instagram.com\/pantho3d\/?hl=es\",\"https:\/\/www.linkedin.com\/in\/pantho-3d-medical-solutions-aa378a1a6?originalSubdomain=ar\"]}]}<\/script>\n<!-- \/ Yoast SEO plugin. -->","yoast_head_json":{"title":"PANTHO | 3D Medical Solutions","description":"Contamos con habilitaci\u00f3n de ANMAT como fabricantes, importadores y distribuidores de productos m\u00e9dicos est\u00e1ndar y a medida.","robots":{"index":"index","follow":"follow","max-snippet":"max-snippet:-1","max-image-preview":"max-image-preview:large","max-video-preview":"max-video-preview:-1"},"canonical":"https:\/\/pantho.com.ar\/en\/","og_locale":"en_US","og_type":"article","og_title":"PANTHO | 3D Medical Solutions","og_description":"Contamos con habilitaci\u00f3n de ANMAT como fabricantes, importadores y distribuidores de productos m\u00e9dicos est\u00e1ndar y a medida.","og_url":"https:\/\/pantho.com.ar\/en\/","og_site_name":"Pantho","article_publisher":"https:\/\/www.facebook.com\/pantho3d-111628310211872","article_modified_time":"2023-09-25T12:09:26+00:00","twitter_card":"summary_large_image","twitter_misc":{"Est. reading time":"1 minute"},"schema":{"@context":"https:\/\/schema.org","@graph":[{"@type":"WebPage","@id":"https:\/\/pantho.com.ar\/","url":"https:\/\/pantho.com.ar\/","name":"PANTHO | 3D Medical Solutions","isPartOf":{"@id":"https:\/\/pantho.com.ar\/#website"},"datePublished":"2021-10-21T17:52:29+00:00","dateModified":"2023-09-25T12:09:26+00:00","description":"Contamos con habilitaci\u00f3n de ANMAT como fabricantes, importadores y distribuidores de productos m\u00e9dicos est\u00e1ndar y a medida.","breadcrumb":{"@id":"https:\/\/pantho.com.ar\/#breadcrumb"},"inLanguage":"en-US","potentialAction":[{"@type":"ReadAction","target":["https:\/\/pantho.com.ar\/"]}]},{"@type":"BreadcrumbList","@id":"https:\/\/pantho.com.ar\/#breadcrumb","itemListElement":[{"@type":"ListItem","position":1,"name":"Inicio","item":"https:\/\/pantho.com.ar\/"},{"@type":"ListItem","position":2,"name":"PANTHO"}]},{"@type":"WebSite","@id":"https:\/\/pantho.com.ar\/#website","url":"https:\/\/pantho.com.ar\/","name":"Pantho","description":"3D MEDICAL SOLUTIONS","publisher":{"@id":"https:\/\/pantho.com.ar\/#organization"},"potentialAction":[{"@type":"SearchAction","target":{"@type":"EntryPoint","urlTemplate":"https:\/\/pantho.com.ar\/?s={search_term_string}"},"query-input":{"@type":"PropertyValueSpecification","valueRequired":true,"valueName":"search_term_string"}}],"inLanguage":"en-US"},{"@type":"Organization","@id":"https:\/\/pantho.com.ar\/#organization","name":"Pantho","url":"https:\/\/pantho.com.ar\/","logo":{"@type":"ImageObject","inLanguage":"en-US","@id":"https:\/\/pantho.com.ar\/#\/schema\/logo\/image\/","url":"http:\/\/pantho.com.ar\/wp-content\/uploads\/2021\/10\/Logo2-1.png","contentUrl":"http:\/\/pantho.com.ar\/wp-content\/uploads\/2021\/10\/Logo2-1.png","width":1431,"height":1099,"caption":"Pantho"},"image":{"@id":"https:\/\/pantho.com.ar\/#\/schema\/logo\/image\/"},"sameAs":["https:\/\/www.facebook.com\/pantho3d-111628310211872","https:\/\/www.instagram.com\/pantho3d\/?hl=es","https:\/\/www.linkedin.com\/in\/pantho-3d-medical-solutions-aa378a1a6?originalSubdomain=ar"]}]}},"_links":{"self":[{"href":"https:\/\/pantho.com.ar\/en\/wp-json\/wp\/v2\/pages\/73","targetHints":{"allow":["GET"]}}],"collection":[{"href":"https:\/\/pantho.com.ar\/en\/wp-json\/wp\/v2\/pages"}],"about":[{"href":"https:\/\/pantho.com.ar\/en\/wp-json\/wp\/v2\/types\/page"}],"author":[{"embeddable":true,"href":"https:\/\/pantho.com.ar\/en\/wp-json\/wp\/v2\/users\/1"}],"replies":[{"embeddable":true,"href":"https:\/\/pantho.com.ar\/en\/wp-json\/wp\/v2\/comments?post=73"}],"version-history":[{"count":67,"href":"https:\/\/pantho.com.ar\/en\/wp-json\/wp\/v2\/pages\/73\/revisions"}],"predecessor-version":[{"id":1161,"href":"https:\/\/pantho.com.ar\/en\/wp-json\/wp\/v2\/pages\/73\/revisions\/1161"}],"wp:attachment":[{"href":"https:\/\/pantho.com.ar\/en\/wp-json\/wp\/v2\/media?parent=73"}],"curies":[{"name":"wp","href":"https:\/\/api.w.org\/{rel}","templated":true}]}}