{"id":84,"date":"2021-10-22T16:14:05","date_gmt":"2021-10-22T19:14:05","guid":{"rendered":"https:\/\/purple-cobra-943113.hostingersite.com\/?page_id=84"},"modified":"2023-09-25T09:07:17","modified_gmt":"2023-09-25T12:07:17","slug":"empresa","status":"publish","type":"page","link":"https:\/\/pantho.com.ar\/en\/empresa\/","title":{"rendered":"ABOUT US"},"content":{"rendered":"<div data-elementor-type=\"wp-page\" data-elementor-id=\"84\" class=\"elementor elementor-84\">\n\t\t\t\t\t\t<section class=\"elementor-section elementor-top-section elementor-element elementor-element-0878f51 elementor-section-full_width elementor-section-stretched elementor-section-height-default elementor-section-height-default\" data-id=\"0878f51\" data-element_type=\"section\" data-settings=\"{&quot;stretch_section&quot;:&quot;section-stretched&quot;}\">\n\t\t\t\t\t\t<div class=\"elementor-container elementor-column-gap-no\">\n\t\t\t\t\t<div class=\"elementor-column elementor-col-100 elementor-top-column elementor-element elementor-element-4f82f9c\" data-id=\"4f82f9c\" data-element_type=\"column\" data-settings=\"{&quot;background_background&quot;:&quot;classic&quot;}\">\n\t\t\t<div class=\"elementor-widget-wrap elementor-element-populated\">\n\t\t\t\t\t\t<div class=\"elementor-element elementor-element-e7f31d4 elementor-widget elementor-widget-image\" data-id=\"e7f31d4\" data-element_type=\"widget\" data-widget_type=\"image.default\">\n\t\t\t\t<div class=\"elementor-widget-container\">\n\t\t\t\t\t\t\t\t\t\t\t\t<figure class=\"wp-caption\">\n\t\t\t\t\t\t\t\t\t\t<img fetchpriority=\"high\" decoding=\"async\" width=\"1024\" height=\"600\" src=\"https:\/\/pantho.com.ar\/wp-content\/uploads\/2021\/11\/Quienes-somos-4.png\" class=\"attachment-full size-full wp-image-725\" alt=\"\" srcset=\"https:\/\/pantho.com.ar\/wp-content\/uploads\/2021\/11\/Quienes-somos-4.png 1024w, https:\/\/pantho.com.ar\/wp-content\/uploads\/2021\/11\/Quienes-somos-4-300x176.png 300w, https:\/\/pantho.com.ar\/wp-content\/uploads\/2021\/11\/Quienes-somos-4-768x450.png 768w, https:\/\/pantho.com.ar\/wp-content\/uploads\/2021\/11\/Quienes-somos-4-18x12.png 18w\" sizes=\"(max-width: 1024px) 100vw, 1024px\" \/>\t\t\t\t\t\t\t\t\t\t\t<figcaption class=\"widget-image-caption wp-caption-text\"><\/figcaption>\n\t\t\t\t\t\t\t\t\t\t<\/figure>\n\t\t\t\t\t\t\t\t\t<\/div>\n\t\t\t\t<\/div>\n\t\t\t\t\t<\/div>\n\t\t<\/div>\n\t\t\t\t\t<\/div>\n\t\t<\/section>\n\t\t\t\t<section class=\"elementor-section elementor-top-section elementor-element elementor-element-5c8fd39 elementor-section-boxed elementor-section-height-default elementor-section-height-default\" data-id=\"5c8fd39\" data-element_type=\"section\">\n\t\t\t\t\t\t<div class=\"elementor-container elementor-column-gap-default\">\n\t\t\t\t\t<div class=\"elementor-column elementor-col-100 elementor-top-column elementor-element elementor-element-82c3f42\" data-id=\"82c3f42\" data-element_type=\"column\" data-settings=\"{&quot;background_background&quot;:&quot;classic&quot;}\">\n\t\t\t<div class=\"elementor-widget-wrap elementor-element-populated\">\n\t\t\t\t\t\t<div class=\"elementor-element elementor-element-4389aa3 elementor-widget elementor-widget-heading\" data-id=\"4389aa3\" data-element_type=\"widget\" data-widget_type=\"heading.default\">\n\t\t\t\t<div class=\"elementor-widget-container\">\n\t\t\t\t\t<h2 class=\"elementor-heading-title elementor-size-default\">About us<\/h2>\t\t\t\t<\/div>\n\t\t\t\t<\/div>\n\t\t\t\t<div class=\"elementor-element elementor-element-1801228 elementor-widget elementor-widget-text-editor\" data-id=\"1801228\" data-element_type=\"widget\" data-widget_type=\"text-editor.default\">\n\t\t\t\t<div class=\"elementor-widget-container\">\n\t\t\t\t\t\t\t\t\t<p style=\"text-align: center;\">We are a company made up of a team<br \/>of professionals with a vast career dedicated to design, and<br \/>marketing of Medical Products, provided with the greatest<br \/>quality, as Manufacturers, Distributors, and Importers, and with the<br \/>most competitive prices in the market, focusing on customer service<br \/>as one of the main objectives.\u00a0<\/p><p style=\"text-align: center;\">We are committed to excellence, we believe in continuous training\u00a0<br \/>as a philosophy, to provide our customers with a better quality of services\u00a0<br \/>and a wide variety of products aimed at meeting the needs of\u00a0<br \/>patients and health professionals.<\/p>\t\t\t\t\t\t\t\t<\/div>\n\t\t\t\t<\/div>\n\t\t\t\t<div class=\"elementor-element elementor-element-6081e47 elementor-widget elementor-widget-heading\" data-id=\"6081e47\" data-element_type=\"widget\" data-widget_type=\"heading.default\">\n\t\t\t\t<div class=\"elementor-widget-container\">\n\t\t\t\t\t<h2 class=\"elementor-heading-title elementor-size-default\">Mission statement<\/h2>\t\t\t\t<\/div>\n\t\t\t\t<\/div>\n\t\t\t\t<div class=\"elementor-element elementor-element-8cc7c1f elementor-widget elementor-widget-text-editor\" data-id=\"8cc7c1f\" data-element_type=\"widget\" data-widget_type=\"text-editor.default\">\n\t\t\t\t<div class=\"elementor-widget-container\">\n\t\t\t\t\t\t\t\t\t<p style=\"text-align: center;\">Satisfy the needs of the user by creating and \/ or providing the<br \/>more convenient solution for each patient, according to the requirements of each<br \/>professional.<\/p>\t\t\t\t\t\t\t\t<\/div>\n\t\t\t\t<\/div>\n\t\t\t\t<div class=\"elementor-element elementor-element-bd41d46 elementor-widget elementor-widget-heading\" data-id=\"bd41d46\" data-element_type=\"widget\" data-widget_type=\"heading.default\">\n\t\t\t\t<div class=\"elementor-widget-container\">\n\t\t\t\t\t<h2 class=\"elementor-heading-title elementor-size-default\">Vision<\/h2>\t\t\t\t<\/div>\n\t\t\t\t<\/div>\n\t\t\t\t<div class=\"elementor-element elementor-element-54c14ce elementor-widget elementor-widget-text-editor\" data-id=\"54c14ce\" data-element_type=\"widget\" data-widget_type=\"text-editor.default\">\n\t\t\t\t<div class=\"elementor-widget-container\">\n\t\t\t\t\t\t\t\t\t<p style=\"text-align: center;\">To be a market leading manufacturer, maximizing<br \/>day by day the strategic points of each product, focusing on including<br \/>revolutionary and integral solutions to our commercial portfolio. Also,<br \/>we aim to permanently expand the effectiveness and efficiency<br \/>in manufacturing, distribution, import and export<br \/>of medical products.<\/p>\t\t\t\t\t\t\t\t<\/div>\n\t\t\t\t<\/div>\n\t\t\t\t\t<\/div>\n\t\t<\/div>\n\t\t\t\t\t<\/div>\n\t\t<\/section>\n\t\t\t\t<\/div>","protected":false},"excerpt":{"rendered":"<p>\u00bfQui\u00e9nes somos? Somos una compa\u00f1\u00eda conformada por un equipode profesionales con una vasta trayectoria dedicada al dise\u00f1o, ycomercializaci\u00f3n de Productos M\u00e9dicos, brindados con la mayorcalidad, en car\u00e1cter de Fabricantes, Distribuidores e Importadores, y a losprecios m\u00e1s competitivos del mercado focaliz\u00e1ndose en la atenci\u00f3n al clientecomo uno de los objetivos principales.\u00a0 Estamos comprometidos con la excelencia,&hellip;&nbsp;<a href=\"https:\/\/pantho.com.ar\/en\/empresa\/\" rel=\"bookmark\">Read More &raquo;<span class=\"screen-reader-text\">ABOUT US<\/span><\/a><\/p>","protected":false},"author":1,"featured_media":0,"parent":0,"menu_order":0,"comment_status":"closed","ping_status":"closed","template":"page-templates\/template-pagebuilder-full-width.php","meta":{"neve_meta_sidebar":"","neve_meta_container":"","neve_meta_enable_content_width":"off","neve_meta_content_width":100,"neve_meta_title_alignment":"","neve_meta_author_avatar":"","neve_post_elements_order":"","neve_meta_disable_header":"","neve_meta_disable_footer":"","neve_meta_disable_title":"on","footnotes":""},"class_list":["post-84","page","type-page","status-publish","hentry"],"yoast_head":"<!-- This site is optimized with the Yoast SEO plugin v25.2 - https:\/\/yoast.com\/wordpress\/plugins\/seo\/ -->\n<title>EMPRESA<\/title>\n<meta name=\"description\" content=\"3D Medical Solutions\" \/>\n<meta name=\"robots\" content=\"index, follow, max-snippet:-1, max-image-preview:large, max-video-preview:-1\" \/>\n<link rel=\"canonical\" href=\"https:\/\/pantho.com.ar\/en\/empresa\/\" \/>\n<meta property=\"og:locale\" content=\"en_US\" \/>\n<meta property=\"og:type\" content=\"article\" \/>\n<meta property=\"og:title\" content=\"EMPRESA\" \/>\n<meta property=\"og:description\" content=\"3D Medical Solutions\" \/>\n<meta property=\"og:url\" content=\"https:\/\/pantho.com.ar\/en\/empresa\/\" \/>\n<meta property=\"og:site_name\" content=\"Pantho\" \/>\n<meta property=\"article:publisher\" content=\"https:\/\/www.facebook.com\/pantho3d-111628310211872\" \/>\n<meta property=\"article:modified_time\" content=\"2023-09-25T12:07:17+00:00\" \/>\n<meta property=\"og:image\" content=\"http:\/\/pantho.com.ar\/wp-content\/uploads\/2021\/11\/Quienes-somos-4.png\" \/>\n<meta name=\"twitter:card\" content=\"summary_large_image\" \/>\n<meta name=\"twitter:label1\" content=\"Est. reading time\" \/>\n\t<meta name=\"twitter:data1\" content=\"1 minute\" \/>\n<script type=\"application\/ld+json\" class=\"yoast-schema-graph\">{\"@context\":\"https:\/\/schema.org\",\"@graph\":[{\"@type\":\"WebPage\",\"@id\":\"https:\/\/pantho.com.ar\/en\/empresa\/\",\"url\":\"https:\/\/pantho.com.ar\/en\/empresa\/\",\"name\":\"EMPRESA\",\"isPartOf\":{\"@id\":\"https:\/\/pantho.com.ar\/#website\"},\"primaryImageOfPage\":{\"@id\":\"https:\/\/pantho.com.ar\/en\/empresa\/#primaryimage\"},\"image\":{\"@id\":\"https:\/\/pantho.com.ar\/en\/empresa\/#primaryimage\"},\"thumbnailUrl\":\"http:\/\/pantho.com.ar\/wp-content\/uploads\/2021\/11\/Quienes-somos-4.png\",\"datePublished\":\"2021-10-22T19:14:05+00:00\",\"dateModified\":\"2023-09-25T12:07:17+00:00\",\"description\":\"3D Medical Solutions\",\"breadcrumb\":{\"@id\":\"https:\/\/pantho.com.ar\/en\/empresa\/#breadcrumb\"},\"inLanguage\":\"en-US\",\"potentialAction\":[{\"@type\":\"ReadAction\",\"target\":[\"https:\/\/pantho.com.ar\/en\/empresa\/\"]}]},{\"@type\":\"ImageObject\",\"inLanguage\":\"en-US\",\"@id\":\"https:\/\/pantho.com.ar\/en\/empresa\/#primaryimage\",\"url\":\"http:\/\/pantho.com.ar\/wp-content\/uploads\/2021\/11\/Quienes-somos-4.png\",\"contentUrl\":\"http:\/\/pantho.com.ar\/wp-content\/uploads\/2021\/11\/Quienes-somos-4.png\"},{\"@type\":\"BreadcrumbList\",\"@id\":\"https:\/\/pantho.com.ar\/en\/empresa\/#breadcrumb\",\"itemListElement\":[{\"@type\":\"ListItem\",\"position\":1,\"name\":\"Inicio\",\"item\":\"https:\/\/pantho.com.ar\/\"},{\"@type\":\"ListItem\",\"position\":2,\"name\":\"EMPRESA\"}]},{\"@type\":\"WebSite\",\"@id\":\"https:\/\/pantho.com.ar\/#website\",\"url\":\"https:\/\/pantho.com.ar\/\",\"name\":\"Pantho\",\"description\":\"3D MEDICAL SOLUTIONS\",\"publisher\":{\"@id\":\"https:\/\/pantho.com.ar\/#organization\"},\"potentialAction\":[{\"@type\":\"SearchAction\",\"target\":{\"@type\":\"EntryPoint\",\"urlTemplate\":\"https:\/\/pantho.com.ar\/?s={search_term_string}\"},\"query-input\":{\"@type\":\"PropertyValueSpecification\",\"valueRequired\":true,\"valueName\":\"search_term_string\"}}],\"inLanguage\":\"en-US\"},{\"@type\":\"Organization\",\"@id\":\"https:\/\/pantho.com.ar\/#organization\",\"name\":\"Pantho\",\"url\":\"https:\/\/pantho.com.ar\/\",\"logo\":{\"@type\":\"ImageObject\",\"inLanguage\":\"en-US\",\"@id\":\"https:\/\/pantho.com.ar\/#\/schema\/logo\/image\/\",\"url\":\"http:\/\/pantho.com.ar\/wp-content\/uploads\/2021\/10\/Logo2-1.png\",\"contentUrl\":\"http:\/\/pantho.com.ar\/wp-content\/uploads\/2021\/10\/Logo2-1.png\",\"width\":1431,\"height\":1099,\"caption\":\"Pantho\"},\"image\":{\"@id\":\"https:\/\/pantho.com.ar\/#\/schema\/logo\/image\/\"},\"sameAs\":[\"https:\/\/www.facebook.com\/pantho3d-111628310211872\",\"https:\/\/www.instagram.com\/pantho3d\/?hl=es\",\"https:\/\/www.linkedin.com\/in\/pantho-3d-medical-solutions-aa378a1a6?originalSubdomain=ar\"]}]}<\/script>\n<!-- \/ Yoast SEO plugin. -->","yoast_head_json":{"title":"ABOUT US","description":"3D Medical Solutions","robots":{"index":"index","follow":"follow","max-snippet":"max-snippet:-1","max-image-preview":"max-image-preview:large","max-video-preview":"max-video-preview:-1"},"canonical":"https:\/\/pantho.com.ar\/en\/empresa\/","og_locale":"en_US","og_type":"article","og_title":"EMPRESA","og_description":"3D Medical Solutions","og_url":"https:\/\/pantho.com.ar\/en\/empresa\/","og_site_name":"Pantho","article_publisher":"https:\/\/www.facebook.com\/pantho3d-111628310211872","article_modified_time":"2023-09-25T12:07:17+00:00","og_image":[{"url":"http:\/\/pantho.com.ar\/wp-content\/uploads\/2021\/11\/Quienes-somos-4.png","type":"","width":"","height":""}],"twitter_card":"summary_large_image","twitter_misc":{"Est. reading time":"1 minute"},"schema":{"@context":"https:\/\/schema.org","@graph":[{"@type":"WebPage","@id":"https:\/\/pantho.com.ar\/en\/empresa\/","url":"https:\/\/pantho.com.ar\/en\/empresa\/","name":"ABOUT US","isPartOf":{"@id":"https:\/\/pantho.com.ar\/#website"},"primaryImageOfPage":{"@id":"https:\/\/pantho.com.ar\/en\/empresa\/#primaryimage"},"image":{"@id":"https:\/\/pantho.com.ar\/en\/empresa\/#primaryimage"},"thumbnailUrl":"http:\/\/pantho.com.ar\/wp-content\/uploads\/2021\/11\/Quienes-somos-4.png","datePublished":"2021-10-22T19:14:05+00:00","dateModified":"2023-09-25T12:07:17+00:00","description":"3D Medical Solutions","breadcrumb":{"@id":"https:\/\/pantho.com.ar\/en\/empresa\/#breadcrumb"},"inLanguage":"en-US","potentialAction":[{"@type":"ReadAction","target":["https:\/\/pantho.com.ar\/en\/empresa\/"]}]},{"@type":"ImageObject","inLanguage":"en-US","@id":"https:\/\/pantho.com.ar\/en\/empresa\/#primaryimage","url":"http:\/\/pantho.com.ar\/wp-content\/uploads\/2021\/11\/Quienes-somos-4.png","contentUrl":"http:\/\/pantho.com.ar\/wp-content\/uploads\/2021\/11\/Quienes-somos-4.png"},{"@type":"BreadcrumbList","@id":"https:\/\/pantho.com.ar\/en\/empresa\/#breadcrumb","itemListElement":[{"@type":"ListItem","position":1,"name":"Inicio","item":"https:\/\/pantho.com.ar\/"},{"@type":"ListItem","position":2,"name":"EMPRESA"}]},{"@type":"WebSite","@id":"https:\/\/pantho.com.ar\/#website","url":"https:\/\/pantho.com.ar\/","name":"Pantho","description":"3D MEDICAL SOLUTIONS","publisher":{"@id":"https:\/\/pantho.com.ar\/#organization"},"potentialAction":[{"@type":"SearchAction","target":{"@type":"EntryPoint","urlTemplate":"https:\/\/pantho.com.ar\/?s={search_term_string}"},"query-input":{"@type":"PropertyValueSpecification","valueRequired":true,"valueName":"search_term_string"}}],"inLanguage":"en-US"},{"@type":"Organization","@id":"https:\/\/pantho.com.ar\/#organization","name":"Pantho","url":"https:\/\/pantho.com.ar\/","logo":{"@type":"ImageObject","inLanguage":"en-US","@id":"https:\/\/pantho.com.ar\/#\/schema\/logo\/image\/","url":"http:\/\/pantho.com.ar\/wp-content\/uploads\/2021\/10\/Logo2-1.png","contentUrl":"http:\/\/pantho.com.ar\/wp-content\/uploads\/2021\/10\/Logo2-1.png","width":1431,"height":1099,"caption":"Pantho"},"image":{"@id":"https:\/\/pantho.com.ar\/#\/schema\/logo\/image\/"},"sameAs":["https:\/\/www.facebook.com\/pantho3d-111628310211872","https:\/\/www.instagram.com\/pantho3d\/?hl=es","https:\/\/www.linkedin.com\/in\/pantho-3d-medical-solutions-aa378a1a6?originalSubdomain=ar"]}]}},"_links":{"self":[{"href":"https:\/\/pantho.com.ar\/en\/wp-json\/wp\/v2\/pages\/84","targetHints":{"allow":["GET"]}}],"collection":[{"href":"https:\/\/pantho.com.ar\/en\/wp-json\/wp\/v2\/pages"}],"about":[{"href":"https:\/\/pantho.com.ar\/en\/wp-json\/wp\/v2\/types\/page"}],"author":[{"embeddable":true,"href":"https:\/\/pantho.com.ar\/en\/wp-json\/wp\/v2\/users\/1"}],"replies":[{"embeddable":true,"href":"https:\/\/pantho.com.ar\/en\/wp-json\/wp\/v2\/comments?post=84"}],"version-history":[{"count":66,"href":"https:\/\/pantho.com.ar\/en\/wp-json\/wp\/v2\/pages\/84\/revisions"}],"predecessor-version":[{"id":1152,"href":"https:\/\/pantho.com.ar\/en\/wp-json\/wp\/v2\/pages\/84\/revisions\/1152"}],"wp:attachment":[{"href":"https:\/\/pantho.com.ar\/en\/wp-json\/wp\/v2\/media?parent=84"}],"curies":[{"name":"wp","href":"https:\/\/api.w.org\/{rel}","templated":true}]}}